{"id":3,"date":"2024-06-03T17:32:42","date_gmt":"2024-06-03T15:32:42","guid":{"rendered":"http:\/\/astuchien.fr\/?page_id=3"},"modified":"2025-10-26T09:51:38","modified_gmt":"2025-10-26T08:51:38","slug":"politique-de-confidentialite","status":"publish","type":"page","link":"https:\/\/astuchien.fr\/index.php\/politique-de-confidentialite\/","title":{"rendered":"Politique de confidentialit\u00e9"},"content":{"rendered":"\t\t<div data-elementor-type=\"wp-page\" data-elementor-id=\"3\" class=\"elementor elementor-3\">\n\t\t\t\t<div class=\"elementor-element elementor-element-57298523 e-flex e-con-boxed e-con e-parent\" data-id=\"57298523\" data-element_type=\"container\">\n\t\t\t\t\t<div class=\"e-con-inner\">\n\t\t\t\t<div class=\"elementor-element elementor-element-61872fe5 elementor-widget elementor-widget-text-editor\" data-id=\"61872fe5\" data-element_type=\"widget\" data-widget_type=\"text-editor.default\">\n\t\t\t\t<div class=\"elementor-widget-container\">\n\t\t\t<style>\/*! elementor - v3.21.0 - 26-05-2024 *\/\n.elementor-widget-text-editor.elementor-drop-cap-view-stacked .elementor-drop-cap{background-color:#69727d;color:#fff}.elementor-widget-text-editor.elementor-drop-cap-view-framed .elementor-drop-cap{color:#69727d;border:3px solid;background-color:transparent}.elementor-widget-text-editor:not(.elementor-drop-cap-view-default) .elementor-drop-cap{margin-top:8px}.elementor-widget-text-editor:not(.elementor-drop-cap-view-default) .elementor-drop-cap-letter{width:1em;height:1em}.elementor-widget-text-editor .elementor-drop-cap{float:left;text-align:center;line-height:1;font-size:50px}.elementor-widget-text-editor .elementor-drop-cap-letter{display:inline-block}<\/style>\t\t\t\t<!-- wp:heading -->\n<p><strong>CONDITIONS G\u00c9N\u00c9RALES D\u2019UTILISATIONDU SITE INTERNET ASTU\u2019CHIEN.FR<\/strong><\/p>\n<ol>\n<li>CONDITIONS GENERALES D\u2019UTILISATION DU SITE INTERNET ASTU\u2019CHIEN.FR<\/li>\n<\/ol>\n<p><strong>OBJET<\/strong><\/p>\n<p>L\u2019acc\u00e8s au site Internet astuchien.fr ainsi que l\u2019utilisation de son contenu, sont soumis aux conditions ci-apr\u00e8s. Le fait d\u2019acc\u00e9der au site et de naviguer sur le site constitue une acceptation sans r\u00e9serve desdites conditions.<\/p>\n<p>Les pr\u00e9sentes Conditions d\u2019Utilisation peuvent \u00eatre modifi\u00e9es \u00e0 tout moment. D\u00e8s qu\u2019elles sont mises en ligne, ces modifications sont r\u00e9put\u00e9es \u00eatre accept\u00e9es par l\u2019internaute, utilisateur du site.<\/p>\n<p><strong>ARTICLE 1 \u2013 PROPRIETE INTELLECTUELLE<\/strong><\/p>\n<p>L\u2019ensemble des contenus disponibles sur le site internet astuchien.fr (notamment, les textes, images, vid\u00e9os, photos, sons, musiques, logiciels, recettes et plus g\u00e9n\u00e9ralement tout type de donn\u00e9es) sont prot\u00e9g\u00e9es par le Code de la Propri\u00e9t\u00e9 Intellectuelle.<\/p>\n<p>Sont interdits, sans l\u2019accord pr\u00e9alable et \u00e9crit d\u2019ASTU\u2019CHIEN, toute reproduction, repr\u00e9sentation, adaptation, traduction, distribution, diffusion ou transfert sur un autre site de ces \u00e9l\u00e9ments, en int\u00e9gralit\u00e9 ou partiellement.<\/p>\n<p>Par exception \u00e0 la r\u00e8gle pos\u00e9e ci-dessus, sont autoris\u00e9es :<\/p>\n<ul>\n<li>La reproduction, la repr\u00e9sentation et la publication des \u00e9l\u00e9ments du site Internet astuchien.fr aux fins d&#8217;illustrer un article de presse, apr\u00e8s accord \u00e9crit du service marketing d&#8217;ASTU\u2019CHIEN.<\/li>\n<\/ul>\n<p>\u00a0<\/p>\n<p><strong>ARTICLE 2 \u2013 CONFIDENTIALITE ET PROTECTION DES DONNEES PERSONNELLES<\/strong><\/p>\n<p>Les informations que l\u2019internaute communique lors de l\u2019utilisation du site Internet astuchien.fr font l\u2019objet d\u2019un traitement informatique destin\u00e9 \u00e0 assurer un meilleur suivi de la relation client. ASTU\u2019CHIEN\u00a0veille \u00e0 ce que ces donn\u00e9es soient maintenues confidentielles. Elles ne sont pas communiqu\u00e9es \u00e0 d\u2019\u00e9ventuels partenaires commerciaux ni \u00e0 des tiers, sauf autorisation expr\u00e8s et pr\u00e9alable de l\u2019internaute.<\/p>\n<p>Conform\u00e9ment \u00e0 la loi \u00ab\u00a0<em>informatique et libert\u00e9s<\/em>\u00a0\u00bb du 6 janvier 1978 modifi\u00e9e en 2004, et renforc\u00e9e en 2018 par la Loi RGPD (R\u00e9glementation G\u00e9n\u00e9rale des Donn\u00e9es Personnelles) entr\u00e9e en vigueur le 25 mai 2018, le client b\u00e9n\u00e9ficie d\u2019un droit d\u2019acc\u00e8s, de rectification et de suppression des informations qui le concernent, qu\u2019il peut exercer en s\u2019adressant \u00e0 ASTU\u2019CHIEN 2 RUE DES EPINETTES, 49140 SERMAISE<\/p>\n<p>Le client peut \u00e9galement, \u00e0 tout moment s\u2019opposer au traitement des donn\u00e9es le concernant, modifier les informations le concernant ou demander leur suppression de nos fichiers en \u00e9crivant \u00e0 ASTU\u2019CHIEN 2 RUE DES EPINETTES, 49140 SERMAISE ou par email \u00e0 contact@astuchien.fr<\/p>\n<p><strong>ARTICLE 3 \u2013 POLITIQUE DE COOKIES<\/strong><\/p>\n<p><strong>G\u00e9n\u00e9ralit\u00e9s<\/strong><\/p>\n<p>A l\u2019instar de nombreuses soci\u00e9t\u00e9s, ASTU\u2019CHIEN emploie l\u2019utilisation de \u00ab cookies \u00bb sur le site\u00a0astuchien.fr, pour assurer un meilleur suivi de la relation client. Le cookie est un fichier informatique au format texte plac\u00e9 sur le disque dur de l\u2018ordinateur de l\u2019utilisateur lors de la consultation de certains sites Internet. Les cookies ne permettent pas d\u2019identifier l\u2019internaute ; en revanche, il enregistre des informations relatives \u00e0 la navigation de l\u2019ordinateur de l\u2019internaute sur le site (les pages consult\u00e9es, la date et l\u2019heure de la consultation, etc.) qui peuvent \u00eatre lues lors de visites ult\u00e9rieures de l\u2019internaute. Les cookies peuvent permettre \u00e0 l\u2019internaute d\u2019optimiser son exp\u00e9rience d\u2019utilisateur en ligne, en enregistrant ses pr\u00e9f\u00e9rences lors de la consultation d\u2019un site sp\u00e9cifique. La dur\u00e9e de conservation de ces informations dans l\u2019ordinateur de l\u2019internaute est de 12 mois. L\u2019internaute peut d\u00e9sactiver l\u2019enregistrement de cookies en configurant son navigateur.<\/p>\n<p><strong>ASTU\u2019CHIEN ET LES COOKIES<\/strong><\/p>\n<p><strong>Comment ASTU\u2019CHIEN utilise les cookies ?<\/strong><\/p>\n<p>Afin de rendre les services de son site\u00a0astuchien.fr plus performants, ASTU\u2019CHIEN\u00a0utilise des cookies. Ces cookies fournissent des informations sur la fa\u00e7on dont le site est utilis\u00e9 (statistiques sur le trafic telles que le nombre de visiteurs, la dur\u00e9e moyenne des visites ou encore le nombre de pages vues) et permettent de fluidifier la navigation et d\u2019am\u00e9liorer l\u2019exp\u00e9rience utilisateur. Le cookie, petit fichier texte stock\u00e9 par le navigateur de l\u2019internaute lors de sa premi\u00e8re visite nous permet de reconna\u00eetre les internautes \u00e0 chaque visite, et donc de leur faire profiter de toutes les fonctionnalit\u00e9s du site. Les cookies ne sont pas des dossiers actifs, et ne peuvent donc pas h\u00e9berger de virus.<\/p>\n<p>Pour en savoir plus :\u00a0<a href=\"http:\/\/www.allaboutcookies.org\/fr\/\">www.allaboutcookies.org<\/a>.<\/p>\n<p><strong>Comment refuser un Cookie par l\u2019interm\u00e9diaire de son logiciel de navigation ?<\/strong><\/p>\n<p>L\u2019internaute peut \u00e0 tout moment choisir de d\u00e9sactiver tout ou partie des cookies. Son navigateur peut \u00e9galement \u00eatre param\u00e9tr\u00e9 pour lui signaler les cookies d\u00e9pos\u00e9s dans son terminal et demander de les accepter ou non (au cas par cas ou en totalit\u00e9). Toutefois, la d\u00e9sactivation de tous les cookies emp\u00eachera d\u2019utiliser notre site dans des conditions normales, notamment de partager du contenu via les r\u00e9seaux sociaux, \u00e0 l\u2019exception des fonctions basiques.<\/p>\n<p>Pour savoir comment proc\u00e9der, consulter les sites en lien ci-dessous en fonction du type de navigateur (liste non exhaustive):\u00a0<a href=\"https:\/\/support.mozilla.org\/fr\/kb\/activer-desactiver-cookies-preferences\">Firefox<\/a>,\u00a0<a href=\"https:\/\/support.google.com\/chrome\/answer\/95647?hl=fr\">Chrome<\/a>,\u00a0<a href=\"https:\/\/support.microsoft.com\/fr-fr\/help\/17442\/windows-internet-explorer-delete-manage-cookies#ie=ie-9\">Explorer<\/a>,\u00a0<a href=\"https:\/\/support.apple.com\/kb\/PH17191?locale=fr_FR&amp;viewlocale=fr_FR\">Safari<\/a>,\u00a0<a href=\"http:\/\/help.opera.com\/Windows\/10.20\/fr\/cookies.html\">Opera<\/a>,\u00a0<a href=\"https:\/\/support.apple.com\/fr-fr\/HT201265\">iOS<\/a>,\u00a0<a href=\"http:\/\/www.wikihow.com\/Disable-Cookies#Android_Devices\">Android<\/a>.<\/p>\n<p><strong>ARTICLE 4 \u2013 CONTENU DU SITE<\/strong><\/p>\n<p>ASTU\u2019CHIEN met en \u0153uvre tous ses efforts pour offrir aux utilisateurs du site Internet des informations de qualit\u00e9, accessibles dans des conditions techniques optimales.<\/p>\n<p>Il est toutefois rappel\u00e9 que les informations, sont donn\u00e9s \u00e0 titre indicatif et informatif.<\/p>\n<p>Malgr\u00e9 tous les soins apport\u00e9s au contenu du site, ASTU\u2019CHIEN ne peut pas garantir l\u2019exactitude, l\u2019exhaustivit\u00e9 ou l\u2019actualit\u00e9 des informations diffus\u00e9es sur le site, ni la conformit\u00e9 desdites informations avec l\u2019utilisation que souhaite en faire l\u2019internaute. En cons\u00e9quence, ce dernier reconna\u00eet utiliser ces informations sous sa responsabilit\u00e9 exclusive.<\/p>\n<p><strong>ARTICLE 5 \u2013 FONCTIONNEMENT TECHNIQUE DU SITE<\/strong><\/p>\n<p>Le site Internet de ASTU\u2019CHIEN\u00a0est normalement accessible 24h\/24h et 7 jours\/7.<\/p>\n<p>L\u2019acc\u00e8s \u00e0 tout ou partie du site pourra \u00eatre suspendue ou supprim\u00e9e en cas de force majeure, de difficult\u00e9s informatiques, de difficult\u00e9s li\u00e9es \u00e0 la structure des r\u00e9seaux de t\u00e9l\u00e9communications ou difficult\u00e9s techniques ou pour des raisons de maintenance, sans que la responsabilit\u00e9 ASTU\u2019CHIEN puisse \u00eatre recherch\u00e9e.<\/p>\n<p><strong>ARTICLE 6 \u2013 RECLAMATIONS, CONTESTATIONS ET ATTRIBUTION DES COMPETENCES<\/strong><\/p>\n<p>Les pr\u00e9sentes Conditions G\u00e9n\u00e9rales d\u2019Utilisation sont soumises \u00e0 la loi fran\u00e7aise.<\/p>\n<p>Toute r\u00e9clamation en relation avec le site internet\u00a0astuchien.fr doit \u00eatre adress\u00e9e par \u00e9crit \u00e0\u00a0ASTU\u2019CHIEN 2 RUE DES EPINETTES, 49140 SERMAISE<\/p>\n<p>ou par email \u00e0\u00a0<a href=\"mailto:contact@astuchien.fr\">contact@astuchien.fr<\/a> ou par t\u00e9l\u00e9phone au 06 85 56 35 31 \u00e0 l\u2019attention de son g\u00e9rant Alexandre Groleau.<\/p>\n<p>Tout diff\u00e9rend entre ASTU\u2019CHIEN\u00a0et l\u2019internaute relatif \u00e0 ces Conditions G\u00e9n\u00e9rales d\u2019Utilisation du site\u00a0astuchien.fr, \u00e0 d\u00e9faut de solution amiable, sera de la comp\u00e9tence des Tribunaux du ressort de la Cour d\u2019Appel d\u2019 Angers. ASTU\u2019CHIEN 2 RUE DES EPINETTES, 49140 SERMAISE<\/p>\n<p>\u00a0<\/p>\n<p>MENTIONS LEGALES<\/p>\n<p><strong>Informations l\u00e9gales sur l\u2019\u00e9diteur et l\u2019h\u00e9bergeur du site Internet astuchien.fr<\/strong><\/p>\n<p><strong>\u00c9diteur<\/strong><\/p>\n<p>ASTU\u2019CHIEN<\/p>\n<ul>\n<li>Entrepreneur individuel<br \/>2 RUE DES EPINETTES, 49140 SERMAISE<br \/>SIREN 928809359<\/li>\n<li>06 85 56 35 31<\/li>\n<li>contact@astuchien.fr<\/li>\n<\/ul>\n<p>\u00a0<\/p>\n<p>Responsabilit\u00e9 \u00e9ditoriale<\/p>\n<p>Directeur de la publication : Alexandre Groleau<\/p>\n<p>Cr\u00e9dit photos<\/p>\n<p>\u00a9 ADOBE STOCK<\/p>\n<p>\u00a0<\/p>\n<p><strong>H\u00e9bergeur du site Internet<\/strong><\/p>\n<p>OVH<\/p>\n<ul>\n<li>2, rue Kellermann \u00b7 59053 Roubaix<br \/>SAS au capital de 10 069 020 \u20ac<br \/>RCS Lille M\u00e9tropole 424 761 419 00045<\/li>\n<\/ul>\n<p>\u00a0<\/p>\n<p><strong>D\u00e9veloppement du site <\/strong><\/p>\n<p>RIVEGREY<\/p>\n<ul>\n<li>RCS Pontoise B 491576161<br \/>SARL au capital de 7400 \u20ac<\/li>\n<li>01 34 14 54 54<\/li>\n<li>contact@rivegrey.fr<\/li>\n<\/ul>\n<!-- \/wp:paragraph --><!-- wp:heading --><!-- \/wp:paragraph -->\t\t\t\t\t\t<\/div>\n\t\t\t\t<\/div>\n\t\t\t\t\t<\/div>\n\t\t\t\t<\/div>\n\t\t\t\t<\/div>\n\t\t","protected":false},"excerpt":{"rendered":"<p>CONDITIONS G\u00c9N\u00c9RALES D\u2019UTILISATIONDU SITE INTERNET ASTU\u2019CHIEN.FR CONDITIONS GENERALES D\u2019UTILISATION DU SITE INTERNET ASTU\u2019CHIEN.FR OBJET L\u2019acc\u00e8s au site Internet astuchien.fr ainsi que l\u2019utilisation de son contenu, sont soumis aux conditions ci-apr\u00e8s. Le fait d\u2019acc\u00e9der au site et de naviguer sur le site constitue une acceptation sans r\u00e9serve desdites conditions. Les pr\u00e9sentes Conditions d\u2019Utilisation peuvent \u00eatre modifi\u00e9es [&hellip;]<\/p>\n","protected":false},"author":1,"featured_media":0,"parent":0,"menu_order":0,"comment_status":"closed","ping_status":"open","template":"","meta":{"footnotes":""},"class_list":["post-3","page","type-page","status-publish","hentry"],"_links":{"self":[{"href":"https:\/\/astuchien.fr\/index.php\/wp-json\/wp\/v2\/pages\/3","targetHints":{"allow":["GET"]}}],"collection":[{"href":"https:\/\/astuchien.fr\/index.php\/wp-json\/wp\/v2\/pages"}],"about":[{"href":"https:\/\/astuchien.fr\/index.php\/wp-json\/wp\/v2\/types\/page"}],"author":[{"embeddable":true,"href":"https:\/\/astuchien.fr\/index.php\/wp-json\/wp\/v2\/users\/1"}],"replies":[{"embeddable":true,"href":"https:\/\/astuchien.fr\/index.php\/wp-json\/wp\/v2\/comments?post=3"}],"version-history":[{"count":7,"href":"https:\/\/astuchien.fr\/index.php\/wp-json\/wp\/v2\/pages\/3\/revisions"}],"predecessor-version":[{"id":379,"href":"https:\/\/astuchien.fr\/index.php\/wp-json\/wp\/v2\/pages\/3\/revisions\/379"}],"wp:attachment":[{"href":"https:\/\/astuchien.fr\/index.php\/wp-json\/wp\/v2\/media?parent=3"}],"curies":[{"name":"wp","href":"https:\/\/api.w.org\/{rel}","templated":true}]}}